{"id":343,"date":"2016-03-13T21:30:23","date_gmt":"2016-03-13T21:30:23","guid":{"rendered":"http:\/\/clinicadentalpinar.com\/nueva\/?page_id=343"},"modified":"2016-03-13T21:30:23","modified_gmt":"2016-03-13T21:30:23","slug":"periodoncia","status":"publish","type":"page","link":"https:\/\/clinicadentalpinar.com\/?page_id=343","title":{"rendered":"Periodoncia"},"content":{"rendered":"<div id=\"pl-343\"  class=\"panel-layout\" ><div id=\"pg-343-0\"  class=\"panel-grid panel-no-style\" ><div id=\"pgc-343-0-0\"  class=\"panel-grid-cell\" ><div id=\"panel-343-0-0-0\" class=\"so-panel widget widget_sow-editor panel-first-child panel-last-child\" data-index=\"0\" ><div\n\t\t\t\n\t\t\tclass=\"so-widget-sow-editor so-widget-sow-editor-base\"\n\t\t\t\n\t\t>\n<div class=\"siteorigin-widget-tinymce textwidget\">\n\t<p>La enfermedad periodontal es una enfermedad que afecta a los tejidos que sostienen los dientes (periodonto). Es una patolog\u00eda infecciosa, causadas por bacterias.<\/p>\n<p>Cuando se afecta \u00fanicamente la enc\u00eda, causando un proceso inflamatorio reversible, se denomina <strong>gingivitis. <\/strong>Esta se manifiesta con un<strong> sangrado de las enc\u00edas.<\/strong><\/p>\n<\/div>\n<\/div><\/div><\/div><div id=\"pgc-343-0-1\"  class=\"panel-grid-cell panel-grid-cell-empty\" ><\/div><div id=\"pgc-343-0-2\"  class=\"panel-grid-cell\" ><div id=\"panel-343-0-2-0\" class=\"so-panel widget widget_sow-image panel-first-child panel-last-child\" data-index=\"1\" ><div\n\t\t\t\n\t\t\tclass=\"so-widget-sow-image so-widget-sow-image-default-c67d20f9f743-343\"\n\t\t\t\n\t\t>\n<div class=\"sow-image-container\">\n\t\t<img \n\tsrc=\"https:\/\/clinicadentalpinar.com\/wp-content\/uploads\/2016\/03\/clinicadentalpinar_periodoncia1.jpg\" width=\"221\" height=\"145\" sizes=\"(max-width: 221px) 100vw, 221px\" alt=\"\" \t\tclass=\"so-widget-image\"\/>\n\t<\/div>\n\n<\/div><\/div><\/div><\/div><div id=\"pg-343-1\"  class=\"panel-grid panel-no-style\" ><div id=\"pgc-343-1-0\"  class=\"panel-grid-cell\" ><div id=\"panel-343-1-0-0\" class=\"so-panel widget widget_sow-editor panel-first-child panel-last-child\" data-index=\"2\" ><div\n\t\t\t\n\t\t\tclass=\"so-widget-sow-editor so-widget-sow-editor-base\"\n\t\t\t\n\t\t>\n<div class=\"siteorigin-widget-tinymce textwidget\">\n\t<p>&nbsp;<\/p>\n<p>Si la gingivitis se mantiene mucho tiempo y adem\u00e1s se dan otros factores (gen\u00e9ticos, ambientales, locales, hormonales\u2026), se inicia la <strong>periodontitis<\/strong> (comunmente llamada \u201cpiorrea\u201d), en la que, adem\u00e1s de la inflamaci\u00f3n de la enc\u00eda ya mencionada, se produce una destrucci\u00f3n m\u00e1s profunda que afecta a los otros tejidos del periodonto, es decir, el hueso, el cemento del diente y el ligamento periodontal.<\/p>\n<p>&nbsp;<\/p>\n<\/div>\n<\/div><\/div><\/div><\/div><div id=\"pg-343-2\"  class=\"panel-grid panel-no-style\" ><div id=\"pgc-343-2-0\"  class=\"panel-grid-cell\" ><div id=\"panel-343-2-0-0\" class=\"so-panel widget widget_sow-image panel-first-child panel-last-child\" data-index=\"3\" ><div\n\t\t\t\n\t\t\tclass=\"so-widget-sow-image so-widget-sow-image-default-c67d20f9f743-343\"\n\t\t\t\n\t\t>\n<div class=\"sow-image-container\">\n\t\t<img \n\tsrc=\"https:\/\/clinicadentalpinar.com\/wp-content\/uploads\/2016\/03\/clinicadentalpinar_periodoncia2.jpg\" width=\"249\" height=\"170\" sizes=\"(max-width: 249px) 100vw, 249px\" alt=\"\" \t\tclass=\"so-widget-image\"\/>\n\t<\/div>\n\n<\/div><\/div><\/div><div id=\"pgc-343-2-1\"  class=\"panel-grid-cell panel-grid-cell-empty\" ><\/div><div id=\"pgc-343-2-2\"  class=\"panel-grid-cell\" ><div id=\"panel-343-2-2-0\" class=\"so-panel widget widget_sow-editor panel-first-child panel-last-child\" data-index=\"4\" ><div\n\t\t\t\n\t\t\tclass=\"so-widget-sow-editor so-widget-sow-editor-base\"\n\t\t\t\n\t\t>\n<div class=\"siteorigin-widget-tinymce textwidget\">\n\t<p>Esta destrucci\u00f3n es, adem\u00e1s, <strong>irreversible<\/strong>, y favorece la progresi\u00f3n de la enfermedad, al crear un espacio debajo de la enc\u00eda que denominamos bolsa periodontal, en el que cada vez se acumulan mayor cantidad de bacterias que pueden poner en peligro la supervivencia de los dientes.<\/p>\n<p>Las enfermedades periodontales son mucho m\u00e1s frecuentes de lo que la gente pueda imaginar, y en la mayor\u00eda de los casos pasa desapercibida hasta los estad\u00edos m\u00e1s graves y cuando el pron\u00f3stico de los dientes es m\u00e1s desfavorable.<\/p>\n<\/div>\n<\/div><\/div><\/div><\/div><\/div>","protected":false},"excerpt":{"rendered":"<p>La enfermedad periodontal es una enfermedad que afecta a los tejidos que sostienen los dientes (periodonto). Es una patolog\u00eda infecciosa, causadas por bacterias. Cuando se afecta \u00fanicamente la enc\u00eda, causando un proceso inflamatorio reversible, se denomina gingivitis. Esta se manifiesta con un sangrado de las enc\u00edas. &nbsp; Si la gingivitis se mantiene mucho tiempo y [&hellip;]<\/p>\n","protected":false},"author":1,"featured_media":0,"parent":0,"menu_order":0,"comment_status":"closed","ping_status":"closed","template":"","meta":{"footnotes":""},"_links":{"self":[{"href":"https:\/\/clinicadentalpinar.com\/index.php?rest_route=\/wp\/v2\/pages\/343"}],"collection":[{"href":"https:\/\/clinicadentalpinar.com\/index.php?rest_route=\/wp\/v2\/pages"}],"about":[{"href":"https:\/\/clinicadentalpinar.com\/index.php?rest_route=\/wp\/v2\/types\/page"}],"author":[{"embeddable":true,"href":"https:\/\/clinicadentalpinar.com\/index.php?rest_route=\/wp\/v2\/users\/1"}],"replies":[{"embeddable":true,"href":"https:\/\/clinicadentalpinar.com\/index.php?rest_route=%2Fwp%2Fv2%2Fcomments&post=343"}],"version-history":[{"count":1,"href":"https:\/\/clinicadentalpinar.com\/index.php?rest_route=\/wp\/v2\/pages\/343\/revisions"}],"predecessor-version":[{"id":346,"href":"https:\/\/clinicadentalpinar.com\/index.php?rest_route=\/wp\/v2\/pages\/343\/revisions\/346"}],"wp:attachment":[{"href":"https:\/\/clinicadentalpinar.com\/index.php?rest_route=%2Fwp%2Fv2%2Fmedia&parent=343"}],"curies":[{"name":"wp","href":"https:\/\/api.w.org\/{rel}","templated":true}]}}