{"id":339,"date":"2016-03-13T21:26:31","date_gmt":"2016-03-13T21:26:31","guid":{"rendered":"http:\/\/clinicadentalpinar.com\/nueva\/?page_id=339"},"modified":"2016-03-13T21:51:01","modified_gmt":"2016-03-13T21:51:01","slug":"ortodoncia","status":"publish","type":"page","link":"https:\/\/clinicadentalpinar.com\/?page_id=339","title":{"rendered":"Ortodoncia"},"content":{"rendered":"<div id=\"pl-339\"  class=\"panel-layout\" ><div id=\"pg-339-0\"  class=\"panel-grid panel-no-style\" ><div id=\"pgc-339-0-0\"  class=\"panel-grid-cell\" ><div id=\"panel-339-0-0-0\" class=\"so-panel widget widget_sow-editor panel-first-child panel-last-child\" data-index=\"0\" ><div\n\t\t\t\n\t\t\tclass=\"so-widget-sow-editor so-widget-sow-editor-base\"\n\t\t\t\n\t\t>\n<div class=\"siteorigin-widget-tinymce textwidget\">\n\t<p><strong>La ortodoncia<\/strong> es una especialidad de la odontolog\u00eda que corrige las alteraciones en el alineamiento y la oclusi\u00f3n de los dientes.<\/p>\n<p>La edad m\u00e1s adecuada para la primera visita es a los 3 a\u00f1os, si se detecta alguna anomal\u00eda el ortodoncista<strong> <\/strong>establecer\u00e1 el momento para el tratamiento, realizando controles peri\u00f3dicos mientras tanto.<\/p>\n<p>La ortodoncia permite que cualquier persona mejore su sonrisa <strong>sin importar la edad<\/strong>, porque cada vez son m\u00e1s adultos los que se benefician de este tratamiento consiguiendo una sonrisa <strong>est\u00e9tica <\/strong>y agradable y mejorando su <strong>masticaci\u00f3n<\/strong>. Los cambios producidos son espectaculares y los pacientes quedan realmente satisfechos y contentos.<\/p>\n<\/div>\n<\/div><\/div><\/div><div id=\"pgc-339-0-1\"  class=\"panel-grid-cell panel-grid-cell-empty\" ><\/div><div id=\"pgc-339-0-2\"  class=\"panel-grid-cell\" ><div id=\"panel-339-0-2-0\" class=\"so-panel widget widget_text panel-first-child\" data-index=\"1\" >\t\t\t<div class=\"textwidget\"><p>&nbsp;<\/p>\n<p>&nbsp;<\/p>\n<\/div>\n\t\t<\/div><div id=\"panel-339-0-2-1\" class=\"so-panel widget widget_sow-image panel-last-child\" data-index=\"2\" ><div\n\t\t\t\n\t\t\tclass=\"so-widget-sow-image so-widget-sow-image-default-c67d20f9f743-339\"\n\t\t\t\n\t\t>\n<div class=\"sow-image-container\">\n\t\t<img \n\tsrc=\"https:\/\/clinicadentalpinar.com\/wp-content\/uploads\/2016\/03\/clinicadentalpinar_ortodoncia1.jpg\" width=\"250\" height=\"177\" sizes=\"(max-width: 250px) 100vw, 250px\" alt=\"\" \t\tclass=\"so-widget-image\"\/>\n\t<\/div>\n\n<\/div><\/div><\/div><\/div><div id=\"pg-339-1\"  class=\"panel-grid panel-no-style\" ><div id=\"pgc-339-1-0\"  class=\"panel-grid-cell\" ><div id=\"panel-339-1-0-0\" class=\"so-panel widget widget_sow-editor panel-first-child panel-last-child\" data-index=\"3\" ><div\n\t\t\t\n\t\t\tclass=\"so-widget-sow-editor so-widget-sow-editor-base\"\n\t\t\t\n\t\t>\n<div class=\"siteorigin-widget-tinymce textwidget\">\n\t<p>&nbsp;<\/p>\n<p>En nuestro centro adem\u00e1s de los <strong>aparatos fijos<\/strong> (brackets met\u00e1licos o cer\u00e1micos), o los <strong>removibles<\/strong>, le ofrecemos una <strong>nueva t\u00e9cnica<\/strong> de tratamiento: la <strong>ORTODONCIA INVISIBLE<\/strong> o <strong>INVISALIGN\u00a9, <\/strong>que consiste en una serie de alineadores pr\u00e1cticamente invisibles y extra\u00edbles que se cambian cada dos semanas por un nuevo juego. Cada uno de los alineadores se fabrica espec\u00edficamente para sus dientes, y solo para sus dientes. Conforme se va cambiando de alineador, los dientes se ir\u00e1n moviendo, poco a poco, semana tras semana, hasta que est\u00e9n rectos y en la posici\u00f3n final prescrita por el ortodoncista.<\/p>\n<p>El tratamiento con invisalign es ideal para aquellos pacientes adultos que quieren mejorar su salud oral y su sonrisa sin necesidad de llevar aparatos tradicionales.<\/p>\n<\/div>\n<\/div><\/div><\/div><\/div><div id=\"pg-339-2\"  class=\"panel-grid panel-no-style\" ><div id=\"pgc-339-2-0\"  class=\"panel-grid-cell\" ><div id=\"panel-339-2-0-0\" class=\"so-panel widget widget_sow-image panel-first-child panel-last-child\" data-index=\"4\" ><div\n\t\t\t\n\t\t\tclass=\"so-widget-sow-image so-widget-sow-image-default-c67d20f9f743-339\"\n\t\t\t\n\t\t>\n<div class=\"sow-image-container\">\n\t\t<img \n\tsrc=\"https:\/\/clinicadentalpinar.com\/wp-content\/uploads\/2016\/03\/clinicadentalpinar_ortodoncia2.jpg\" width=\"250\" height=\"200\" sizes=\"(max-width: 250px) 100vw, 250px\" alt=\"\" \t\tclass=\"so-widget-image\"\/>\n\t<\/div>\n\n<\/div><\/div><\/div><div id=\"pgc-339-2-1\"  class=\"panel-grid-cell panel-grid-cell-empty\" ><\/div><div id=\"pgc-339-2-2\"  class=\"panel-grid-cell\" ><div id=\"panel-339-2-2-0\" class=\"so-panel widget widget_sow-editor panel-first-child panel-last-child\" data-index=\"5\" ><div\n\t\t\t\n\t\t\tclass=\"so-widget-sow-editor so-widget-sow-editor-base\"\n\t\t\t\n\t\t><h3 class=\"widget-title\">Este tratamiento presenta varias ventajas<\/h3>\n<div class=\"siteorigin-widget-tinymce textwidget\">\n\t<ul>\n<li><strong>Invisible<\/strong>, de forma que nadie notar\u00e1 que est\u00e1s arregl\u00e1ndote los dientes. Ahora podr\u00e1s sonreir m\u00e1s, durante el tratamiento, y despu\u00e9s de terminarlo.<\/li>\n<li>De <strong>quita y pon<\/strong>, de forma que podr\u00e1s comer y beber lo que quieras durante el tratamiento. Adem\u00e1s, el cepillado y la limpieza con hilo dental no son un problema.<\/li>\n<li><strong>C\u00f3modo<\/strong>, porque al no llevar metal, no causan heridas en la mucosa de la boca durante el tratamiento.<\/li>\n<li><strong>Menos tiempo<\/strong> en la consulta para realizar los ajustes peri\u00f3dicos, ya que no se utilizan brackets (piezas met\u00e1licas pegadas a los dientes) ni arcos de alambre.<\/li>\n<\/ul>\n<\/div>\n<\/div><\/div><\/div><\/div><\/div>","protected":false},"excerpt":{"rendered":"<p>La ortodoncia es una especialidad de la odontolog\u00eda que corrige las alteraciones en el alineamiento y la oclusi\u00f3n de los dientes. La edad m\u00e1s adecuada para la primera visita es a los 3 a\u00f1os, si se detecta alguna anomal\u00eda el ortodoncista establecer\u00e1 el momento para el tratamiento, realizando controles peri\u00f3dicos mientras tanto. La ortodoncia permite [&hellip;]<\/p>\n","protected":false},"author":1,"featured_media":0,"parent":0,"menu_order":0,"comment_status":"closed","ping_status":"closed","template":"","meta":{"footnotes":""},"_links":{"self":[{"href":"https:\/\/clinicadentalpinar.com\/index.php?rest_route=\/wp\/v2\/pages\/339"}],"collection":[{"href":"https:\/\/clinicadentalpinar.com\/index.php?rest_route=\/wp\/v2\/pages"}],"about":[{"href":"https:\/\/clinicadentalpinar.com\/index.php?rest_route=\/wp\/v2\/types\/page"}],"author":[{"embeddable":true,"href":"https:\/\/clinicadentalpinar.com\/index.php?rest_route=\/wp\/v2\/users\/1"}],"replies":[{"embeddable":true,"href":"https:\/\/clinicadentalpinar.com\/index.php?rest_route=%2Fwp%2Fv2%2Fcomments&post=339"}],"version-history":[{"count":2,"href":"https:\/\/clinicadentalpinar.com\/index.php?rest_route=\/wp\/v2\/pages\/339\/revisions"}],"predecessor-version":[{"id":368,"href":"https:\/\/clinicadentalpinar.com\/index.php?rest_route=\/wp\/v2\/pages\/339\/revisions\/368"}],"wp:attachment":[{"href":"https:\/\/clinicadentalpinar.com\/index.php?rest_route=%2Fwp%2Fv2%2Fmedia&parent=339"}],"curies":[{"name":"wp","href":"https:\/\/api.w.org\/{rel}","templated":true}]}}