{"id":336,"date":"2016-03-13T21:21:27","date_gmt":"2016-03-13T21:21:27","guid":{"rendered":"http:\/\/clinicadentalpinar.com\/nueva\/?page_id=336"},"modified":"2016-03-13T21:21:27","modified_gmt":"2016-03-13T21:21:27","slug":"odontopediatria","status":"publish","type":"page","link":"https:\/\/clinicadentalpinar.com\/?page_id=336","title":{"rendered":"Odontopediatr\u00eda"},"content":{"rendered":"<div id=\"pl-336\"  class=\"panel-layout\" ><div id=\"pg-336-0\"  class=\"panel-grid panel-no-style\" ><div id=\"pgc-336-0-0\"  class=\"panel-grid-cell\" ><div id=\"panel-336-0-0-0\" class=\"so-panel widget widget_sow-editor panel-first-child panel-last-child\" data-index=\"0\" ><div\n\t\t\t\n\t\t\tclass=\"so-widget-sow-editor so-widget-sow-editor-base\"\n\t\t\t\n\t\t>\n<div class=\"siteorigin-widget-tinymce textwidget\">\n\t<p><strong>La odontopediatr\u00eda<\/strong> es aquella parte la odontolog\u00eda que se encarga del cuidado, mantenimiento y prevenci\u00f3n de la salud dental del ni\u00f1o desde su <strong>infancia<\/strong> hasta su <strong>adolescencia<\/strong>, 16 a\u00f1os aproximadamente, ya que cualquier alteraci\u00f3n sin tratar en dientes temporales, puede influir posteriormente en las piezas permanentes.<\/p>\n<\/div>\n<\/div><\/div><\/div><div id=\"pgc-336-0-1\"  class=\"panel-grid-cell panel-grid-cell-empty\" ><\/div><div id=\"pgc-336-0-2\"  class=\"panel-grid-cell\" ><div id=\"panel-336-0-2-0\" class=\"so-panel widget widget_sow-image panel-first-child panel-last-child\" data-index=\"1\" ><div\n\t\t\t\n\t\t\tclass=\"so-widget-sow-image so-widget-sow-image-default-c67d20f9f743-336\"\n\t\t\t\n\t\t>\n<div class=\"sow-image-container\">\n\t\t<img \n\tsrc=\"https:\/\/clinicadentalpinar.com\/wp-content\/uploads\/2016\/03\/clinicadentalpinar_odontopediatria.jpg\" width=\"246\" height=\"246\" srcset=\"https:\/\/clinicadentalpinar.com\/wp-content\/uploads\/2016\/03\/clinicadentalpinar_odontopediatria.jpg 246w, https:\/\/clinicadentalpinar.com\/wp-content\/uploads\/2016\/03\/clinicadentalpinar_odontopediatria-150x150.jpg 150w\" sizes=\"(max-width: 246px) 100vw, 246px\" alt=\"\" \t\tclass=\"so-widget-image\"\/>\n\t<\/div>\n\n<\/div><\/div><\/div><\/div><\/div>","protected":false},"excerpt":{"rendered":"<p>La odontopediatr\u00eda es aquella parte la odontolog\u00eda que se encarga del cuidado, mantenimiento y prevenci\u00f3n de la salud dental del ni\u00f1o desde su infancia hasta su adolescencia, 16 a\u00f1os aproximadamente, ya que cualquier alteraci\u00f3n sin tratar en dientes temporales, puede influir posteriormente en las piezas permanentes.<\/p>\n","protected":false},"author":1,"featured_media":0,"parent":0,"menu_order":0,"comment_status":"closed","ping_status":"closed","template":"","meta":{"footnotes":""},"_links":{"self":[{"href":"https:\/\/clinicadentalpinar.com\/index.php?rest_route=\/wp\/v2\/pages\/336"}],"collection":[{"href":"https:\/\/clinicadentalpinar.com\/index.php?rest_route=\/wp\/v2\/pages"}],"about":[{"href":"https:\/\/clinicadentalpinar.com\/index.php?rest_route=\/wp\/v2\/types\/page"}],"author":[{"embeddable":true,"href":"https:\/\/clinicadentalpinar.com\/index.php?rest_route=\/wp\/v2\/users\/1"}],"replies":[{"embeddable":true,"href":"https:\/\/clinicadentalpinar.com\/index.php?rest_route=%2Fwp%2Fv2%2Fcomments&post=336"}],"version-history":[{"count":1,"href":"https:\/\/clinicadentalpinar.com\/index.php?rest_route=\/wp\/v2\/pages\/336\/revisions"}],"predecessor-version":[{"id":338,"href":"https:\/\/clinicadentalpinar.com\/index.php?rest_route=\/wp\/v2\/pages\/336\/revisions\/338"}],"wp:attachment":[{"href":"https:\/\/clinicadentalpinar.com\/index.php?rest_route=%2Fwp%2Fv2%2Fmedia&parent=336"}],"curies":[{"name":"wp","href":"https:\/\/api.w.org\/{rel}","templated":true}]}}