{"id":332,"date":"2016-03-13T21:19:14","date_gmt":"2016-03-13T21:19:14","guid":{"rendered":"http:\/\/clinicadentalpinar.com\/nueva\/?page_id=332"},"modified":"2016-04-25T16:34:23","modified_gmt":"2016-04-25T16:34:23","slug":"implantes","status":"publish","type":"page","link":"https:\/\/clinicadentalpinar.com\/?page_id=332","title":{"rendered":"Implantes"},"content":{"rendered":"<div id=\"pl-332\"  class=\"panel-layout\" ><div id=\"pg-332-0\"  class=\"panel-grid panel-no-style\" ><div id=\"pgc-332-0-0\"  class=\"panel-grid-cell\" ><div id=\"panel-332-0-0-0\" class=\"so-panel widget widget_sow-editor panel-first-child panel-last-child\" data-index=\"0\" ><div\n\t\t\t\n\t\t\tclass=\"so-widget-sow-editor so-widget-sow-editor-base\"\n\t\t\t\n\t\t>\n<div class=\"siteorigin-widget-tinymce textwidget\">\n\t<p>Son la mejor soluci\u00f3n para la sustituci\u00f3n permanente de una o varias piezas.<\/p>\n<p>Los <strong>implantes dentales<\/strong> son como ra\u00edces artificiales de titanio, que se insertan en el hueso maxilar o en la mand\u00edbula. Estas ra\u00edces dar\u00e1n soporte a los dientes artificiales fijos, asemejando en est\u00e9tica y prestaciones a los <strong>dientes naturales<\/strong>.<\/p>\n<p>Se colocan en una sola sesi\u00f3n mediante anestesia local convencional ( similar a la utilizada para hacer un empaste), mediante un <strong>procedimiento quir\u00fargico m\u00ednimamente invasivo<\/strong> y por tanto indoloro. Mediante los implantes podemos conseguir resultados fiables que proporcionan una gran <strong>mejora est\u00e9tica<\/strong> y <strong>comodidad<\/strong> al paciente. En poco tiempo usted podr\u00e1 <strong>masticar<\/strong> y sobre todo <strong>sonre\u00edr<\/strong> con normalidad, y sin ning\u00fan tipo de complejo.<\/p>\n<\/div>\n<\/div><\/div><\/div><div id=\"pgc-332-0-1\"  class=\"panel-grid-cell panel-grid-cell-empty\" ><\/div><div id=\"pgc-332-0-2\"  class=\"panel-grid-cell\" ><div id=\"panel-332-0-2-0\" class=\"so-panel widget widget_sow-image panel-first-child panel-last-child\" data-index=\"1\" ><div\n\t\t\t\n\t\t\tclass=\"so-widget-sow-image so-widget-sow-image-default-c67d20f9f743-332\"\n\t\t\t\n\t\t>\n<div class=\"sow-image-container\">\n\t\t<img \n\tsrc=\"https:\/\/clinicadentalpinar.com\/wp-content\/uploads\/2016\/03\/clinicadentalpinar_implantes1.jpg\" width=\"151\" height=\"225\" sizes=\"(max-width: 151px) 100vw, 151px\" alt=\"\" \t\tclass=\"so-widget-image\"\/>\n\t<\/div>\n\n<\/div><\/div><\/div><\/div><div id=\"pg-332-1\"  class=\"panel-grid panel-no-style\" ><div id=\"pgc-332-1-0\"  class=\"panel-grid-cell\" ><div id=\"panel-332-1-0-0\" class=\"so-panel widget widget_text panel-first-child\" data-index=\"2\" >\t\t\t<div class=\"textwidget\"><p>&nbsp;<\/p>\n<\/div>\n\t\t<\/div><div id=\"panel-332-1-0-1\" class=\"so-panel widget widget_sow-editor panel-last-child\" data-index=\"3\" ><div\n\t\t\t\n\t\t\tclass=\"so-widget-sow-editor so-widget-sow-editor-base\"\n\t\t\t\n\t\t>\n<div class=\"siteorigin-widget-tinymce textwidget\">\n\t<p style=\"text-align: left;\">Sea cual sea tu problema, tenemos la soluci\u00f3n. Con nuestra exclusiva tecnolog\u00eda, podemos reponer uno o todos los dientes perdidos.<\/p>\n<p style=\"text-align: center;\"><strong>Implante Unitario<\/strong>: Si s\u00f3lo te falta un diente.<br \/> <img loading=\"lazy\" decoding=\"async\" class=\"aligncenter wp-image-409 size-full\" src=\"https:\/\/clinicadentalpinar.com\/wp-content\/uploads\/2016\/03\/implantes-unitarios-clinica-dental.jpg\" alt=\"implantes-unitarios-clinica-dental\" width=\"830\" height=\"200\" srcset=\"https:\/\/clinicadentalpinar.com\/wp-content\/uploads\/2016\/03\/implantes-unitarios-clinica-dental.jpg 830w, https:\/\/clinicadentalpinar.com\/wp-content\/uploads\/2016\/03\/implantes-unitarios-clinica-dental-300x72.jpg 300w, https:\/\/clinicadentalpinar.com\/wp-content\/uploads\/2016\/03\/implantes-unitarios-clinica-dental-768x185.jpg 768w\" sizes=\"(max-width: 830px) 100vw, 830px\" \/><\/p>\n<p style=\"text-align: center;\"><strong>Puentes sobre Implantes<\/strong>: Cuando faltan varios dientes, no siempre es necesario reponer cada diente con un implante. Si por ejemplo faltan tres dientes se pueden reponer con 2 implantes y 3 coronas, como los puentes tradicionales, pero en lugar de tallar el diente natural del paciente, se apoyan en los implantes.<br \/> <img loading=\"lazy\" decoding=\"async\" class=\"aligncenter wp-image-411 size-full\" src=\"https:\/\/clinicadentalpinar.com\/wp-content\/uploads\/2016\/03\/implantes-puente-fijo-clinica-dental.jpg\" alt=\"implantes-puente-fijo-clinica-dental\" width=\"830\" height=\"200\" srcset=\"https:\/\/clinicadentalpinar.com\/wp-content\/uploads\/2016\/03\/implantes-puente-fijo-clinica-dental.jpg 830w, https:\/\/clinicadentalpinar.com\/wp-content\/uploads\/2016\/03\/implantes-puente-fijo-clinica-dental-300x72.jpg 300w, https:\/\/clinicadentalpinar.com\/wp-content\/uploads\/2016\/03\/implantes-puente-fijo-clinica-dental-768x185.jpg 768w\" sizes=\"(max-width: 830px) 100vw, 830px\" \/><\/p>\n<p style=\"text-align: center;\"><strong>Rehabilitaci\u00f3n Oral Completa<\/strong>: Cuando faltan todos los dientes de la boca o de una arcada completa. Las pr\u00f3tesis de quitar y poner han pasado a la historia. Hoy d\u00eda es posible reponer la p\u00e9rdida de todos los dientes de manera fija mediante implantes. El Dr. Pablo Gonz\u00e1lez evaluar\u00e1 el caso para saber cuantos implante son necesarios.<br \/> <img loading=\"lazy\" decoding=\"async\" class=\"aligncenter wp-image-410\" src=\"https:\/\/clinicadentalpinar.com\/wp-content\/uploads\/2016\/03\/fija-sobre-implantes-clinica-dental-300x97.jpg\" alt=\"fija-sobre-implantes-clinica-dental\" width=\"620\" height=\"200\" srcset=\"https:\/\/clinicadentalpinar.com\/wp-content\/uploads\/2016\/03\/fija-sobre-implantes-clinica-dental-300x97.jpg 300w, https:\/\/clinicadentalpinar.com\/wp-content\/uploads\/2016\/03\/fija-sobre-implantes-clinica-dental.jpg 620w\" sizes=\"(max-width: 620px) 100vw, 620px\" \/><\/p>\n<p style=\"text-align: center;\"><strong>T\u00e9cnica Al On Four\u00ae<\/strong>: Permite rehabilitar una arcada completa empleando solo 4 implantes, con unas caracter\u00edsticas y una colocaci\u00f3n especial. Es la mejor opci\u00f3n relaci\u00f3n calidad\/precio.<\/p>\n<p style=\"text-align: center;\"><strong>Sobredentaduras sobre Locator\u00ae<\/strong>: Permite, mediante la colocaci\u00f3n de 2 \u00f3 4 implantes, que funcionan a modo de \"machos\", sujetar una pr\u00f3tesis completa de quitar y poner convencional que lleva unas \"hembras\" especiales y ayudan a fijar la pr\u00f3tesis mediante un \"clic\". Esta t\u00e9cnica es ideal para pacientes mayoes que no desean tratamientos muy complicados con implantes, pero que no est\u00e1n c\u00f3modos con sus pr\u00f3tesis habituales de quitar y poner, y desean mejorar su calidad de vida con una sujeci\u00f3n de las pr\u00f3tesis mayor, lo que aporta confort, seguridad y est\u00e9tica.<br \/> <img loading=\"lazy\" decoding=\"async\" class=\"aligncenter wp-image-417\" src=\"https:\/\/clinicadentalpinar.com\/wp-content\/uploads\/2016\/03\/implantes-removibles2-clinica-dental-300x97.jpg\" alt=\"implantes-removibles2-clinica-dental\" width=\"620\" height=\"200\" srcset=\"https:\/\/clinicadentalpinar.com\/wp-content\/uploads\/2016\/03\/implantes-removibles2-clinica-dental-300x97.jpg 300w, https:\/\/clinicadentalpinar.com\/wp-content\/uploads\/2016\/03\/implantes-removibles2-clinica-dental.jpg 620w\" sizes=\"(max-width: 620px) 100vw, 620px\" \/><\/p>\n<\/div>\n<\/div><\/div><\/div><\/div><div id=\"pg-332-2\"  class=\"panel-grid panel-no-style\" ><div id=\"pgc-332-2-0\"  class=\"panel-grid-cell\" ><div id=\"panel-332-2-0-0\" class=\"so-panel widget widget_text panel-first-child\" data-index=\"4\" >\t\t\t<div class=\"textwidget\"><p>&nbsp;<\/p>\n<p>&nbsp;<\/p>\n<p>&nbsp;<\/p>\n<\/div>\n\t\t<\/div><div id=\"panel-332-2-0-1\" class=\"so-panel widget widget_sow-image panel-last-child\" data-index=\"5\" ><div\n\t\t\t\n\t\t\tclass=\"so-widget-sow-image so-widget-sow-image-default-c67d20f9f743-332\"\n\t\t\t\n\t\t>\n<div class=\"sow-image-container\">\n\t\t<img \n\tsrc=\"https:\/\/clinicadentalpinar.com\/wp-content\/uploads\/2016\/03\/clinicadentalpinar_implantes2.jpg\" width=\"225\" height=\"180\" sizes=\"(max-width: 225px) 100vw, 225px\" alt=\"\" \t\tclass=\"so-widget-image\"\/>\n\t<\/div>\n\n<\/div><\/div><\/div><div id=\"pgc-332-2-1\"  class=\"panel-grid-cell panel-grid-cell-empty\" ><\/div><div id=\"pgc-332-2-2\"  class=\"panel-grid-cell\" ><div id=\"panel-332-2-2-0\" class=\"so-panel widget widget_sow-editor panel-first-child panel-last-child\" data-index=\"6\" ><div\n\t\t\t\n\t\t\tclass=\"so-widget-sow-editor so-widget-sow-editor-base\"\n\t\t\t\n\t\t><h3 class=\"widget-title\">Ventajas<\/h3>\n<div class=\"siteorigin-widget-tinymce textwidget\">\n\t<p>Los implantes dentales tienen muchas ventajas en comparaci\u00f3n con las soluciones tradicionales de coronas, puentes y pr\u00f3tesis removibles.<\/p>\n<ul>\n<li>Los <strong>implantes dentales<\/strong> parecen, se sienten y funcionan como si fueran dientes naturales.<\/li>\n<li>No es necesario apoyarse ni tallar los dientes contiguos como ocurre en los puentes fijos de cer\u00e1mica.<\/li>\n<li>Los<strong> implantes<\/strong> no requieren adhesivos para sujetar la pr\u00f3tesis, dando al paciente una sensaci\u00f3n de seguridad.<\/li>\n<li>Se considera un tratamiento permanente.<\/li>\n<\/ul>\n<\/div>\n<\/div><\/div><\/div><\/div><\/div>","protected":false},"excerpt":{"rendered":"<p>Son la mejor soluci\u00f3n para la sustituci\u00f3n permanente de una o varias piezas. Los implantes dentales son como ra\u00edces artificiales de titanio, que se insertan en el hueso maxilar o en la mand\u00edbula. Estas ra\u00edces dar\u00e1n soporte a los dientes artificiales fijos, asemejando en est\u00e9tica y prestaciones a los dientes naturales. Se colocan en una [&hellip;]<\/p>\n","protected":false},"author":1,"featured_media":0,"parent":0,"menu_order":0,"comment_status":"closed","ping_status":"closed","template":"","meta":{"footnotes":""},"_links":{"self":[{"href":"https:\/\/clinicadentalpinar.com\/index.php?rest_route=\/wp\/v2\/pages\/332"}],"collection":[{"href":"https:\/\/clinicadentalpinar.com\/index.php?rest_route=\/wp\/v2\/pages"}],"about":[{"href":"https:\/\/clinicadentalpinar.com\/index.php?rest_route=\/wp\/v2\/types\/page"}],"author":[{"embeddable":true,"href":"https:\/\/clinicadentalpinar.com\/index.php?rest_route=\/wp\/v2\/users\/1"}],"replies":[{"embeddable":true,"href":"https:\/\/clinicadentalpinar.com\/index.php?rest_route=%2Fwp%2Fv2%2Fcomments&post=332"}],"version-history":[{"count":7,"href":"https:\/\/clinicadentalpinar.com\/index.php?rest_route=\/wp\/v2\/pages\/332\/revisions"}],"predecessor-version":[{"id":418,"href":"https:\/\/clinicadentalpinar.com\/index.php?rest_route=\/wp\/v2\/pages\/332\/revisions\/418"}],"wp:attachment":[{"href":"https:\/\/clinicadentalpinar.com\/index.php?rest_route=%2Fwp%2Fv2%2Fmedia&parent=332"}],"curies":[{"name":"wp","href":"https:\/\/api.w.org\/{rel}","templated":true}]}}