{"id":322,"date":"2016-03-13T21:08:36","date_gmt":"2016-03-13T21:08:36","guid":{"rendered":"http:\/\/clinicadentalpinar.com\/nueva\/?page_id=322"},"modified":"2016-03-13T21:08:36","modified_gmt":"2016-03-13T21:08:36","slug":"endodoncia","status":"publish","type":"page","link":"https:\/\/clinicadentalpinar.com\/?page_id=322","title":{"rendered":"Endodoncia"},"content":{"rendered":"<div id=\"pl-322\"  class=\"panel-layout\" ><div id=\"pg-322-0\"  class=\"panel-grid panel-no-style\" ><div id=\"pgc-322-0-0\"  class=\"panel-grid-cell\" ><div id=\"panel-322-0-0-0\" class=\"so-panel widget widget_sow-editor panel-first-child panel-last-child\" data-index=\"0\" ><div\n\t\t\t\n\t\t\tclass=\"so-widget-sow-editor so-widget-sow-editor-base\"\n\t\t\t\n\t\t>\n<div class=\"siteorigin-widget-tinymce textwidget\">\n\t<p>Consiste en eliminar el tejido pulpar enfermo (infectado) del interior de las ra\u00edces del diente, para evitar su extracci\u00f3n y que, de esta manera pueda seguir cumpliendo sus funciones de masticaci\u00f3n y est\u00e9tica. La alternativa a la endodoncia es la extracci\u00f3n.<\/p>\n<\/div>\n<\/div><\/div><\/div><\/div><div id=\"pg-322-1\"  class=\"panel-grid panel-no-style\" ><div id=\"pgc-322-1-0\"  class=\"panel-grid-cell\" ><div id=\"panel-322-1-0-0\" class=\"so-panel widget widget_sow-image panel-first-child panel-last-child\" data-index=\"1\" ><div\n\t\t\t\n\t\t\tclass=\"so-widget-sow-image so-widget-sow-image-default-c67d20f9f743-322\"\n\t\t\t\n\t\t>\n<div class=\"sow-image-container\">\n\t\t<img \n\tsrc=\"https:\/\/clinicadentalpinar.com\/wp-content\/uploads\/2016\/03\/clinicadentalpinar_endodoncia.jpg\" width=\"450\" height=\"180\" srcset=\"https:\/\/clinicadentalpinar.com\/wp-content\/uploads\/2016\/03\/clinicadentalpinar_endodoncia.jpg 450w, https:\/\/clinicadentalpinar.com\/wp-content\/uploads\/2016\/03\/clinicadentalpinar_endodoncia-300x120.jpg 300w\" sizes=\"(max-width: 450px) 100vw, 450px\" alt=\"\" \t\tclass=\"so-widget-image\"\/>\n\t<\/div>\n\n<\/div><\/div><\/div><\/div><div id=\"pg-322-2\"  class=\"panel-grid panel-no-style\" ><div id=\"pgc-322-2-0\"  class=\"panel-grid-cell\" ><div id=\"panel-322-2-0-0\" class=\"so-panel widget widget_sow-editor panel-first-child panel-last-child\" data-index=\"2\" ><div\n\t\t\t\n\t\t\tclass=\"so-widget-sow-editor so-widget-sow-editor-base\"\n\t\t\t\n\t\t>\n<div class=\"siteorigin-widget-tinymce textwidget\">\n\t<p>&nbsp;<\/p>\n<p>Se realiza cuando la pulpa est\u00e1 afectada de forma irreversible por caries profundas o traumatismos.<\/p>\n<p>En estos casos el diente se vuelve sensible al fr\u00edo, el calor, a la masticaci\u00f3n.<\/p>\n<\/div>\n<\/div><\/div><\/div><\/div><\/div>","protected":false},"excerpt":{"rendered":"<p>Consiste en eliminar el tejido pulpar enfermo (infectado) del interior de las ra\u00edces del diente, para evitar su extracci\u00f3n y que, de esta manera pueda seguir cumpliendo sus funciones de masticaci\u00f3n y est\u00e9tica. La alternativa a la endodoncia es la extracci\u00f3n.<\/p>\n","protected":false},"author":1,"featured_media":0,"parent":0,"menu_order":0,"comment_status":"closed","ping_status":"closed","template":"","meta":{"footnotes":""},"_links":{"self":[{"href":"https:\/\/clinicadentalpinar.com\/index.php?rest_route=\/wp\/v2\/pages\/322"}],"collection":[{"href":"https:\/\/clinicadentalpinar.com\/index.php?rest_route=\/wp\/v2\/pages"}],"about":[{"href":"https:\/\/clinicadentalpinar.com\/index.php?rest_route=\/wp\/v2\/types\/page"}],"author":[{"embeddable":true,"href":"https:\/\/clinicadentalpinar.com\/index.php?rest_route=\/wp\/v2\/users\/1"}],"replies":[{"embeddable":true,"href":"https:\/\/clinicadentalpinar.com\/index.php?rest_route=%2Fwp%2Fv2%2Fcomments&post=322"}],"version-history":[{"count":1,"href":"https:\/\/clinicadentalpinar.com\/index.php?rest_route=\/wp\/v2\/pages\/322\/revisions"}],"predecessor-version":[{"id":324,"href":"https:\/\/clinicadentalpinar.com\/index.php?rest_route=\/wp\/v2\/pages\/322\/revisions\/324"}],"wp:attachment":[{"href":"https:\/\/clinicadentalpinar.com\/index.php?rest_route=%2Fwp%2Fv2%2Fmedia&parent=322"}],"curies":[{"name":"wp","href":"https:\/\/api.w.org\/{rel}","templated":true}]}}