{"id":311,"date":"2016-03-13T20:48:08","date_gmt":"2016-03-13T20:48:08","guid":{"rendered":"http:\/\/clinicadentalpinar.com\/nueva\/?page_id=311"},"modified":"2026-02-20T07:08:54","modified_gmt":"2026-02-20T07:08:54","slug":"nuestro-equipo","status":"publish","type":"page","link":"https:\/\/clinicadentalpinar.com\/?page_id=311","title":{"rendered":"Nuestro Equipo"},"content":{"rendered":"<div id=\"pl-311\"  class=\"panel-layout\" ><div id=\"pg-311-0\"  class=\"panel-grid panel-no-style\" ><div id=\"pgc-311-0-0\"  class=\"panel-grid-cell\" ><div id=\"panel-311-0-0-0\" class=\"so-panel widget widget_text panel-first-child\" data-index=\"0\" >\t\t\t<div class=\"textwidget\"><p>&nbsp;<\/p>\n<p>&nbsp;<\/p>\n<\/div>\n\t\t<\/div><div id=\"panel-311-0-0-1\" class=\"so-panel widget widget_sow-image panel-last-child\" data-index=\"1\" ><div\n\t\t\t\n\t\t\tclass=\"so-widget-sow-image so-widget-sow-image-default-c67d20f9f743-311\"\n\t\t\t\n\t\t>\n<div class=\"sow-image-container\">\n\t\t<img \n\tsrc=\"https:\/\/clinicadentalpinar.com\/wp-content\/uploads\/2026\/02\/equipo-camarma-pablo-gonzalez.jpg\" width=\"102\" height=\"140\" sizes=\"(max-width: 102px) 100vw, 102px\" alt=\"\" \t\tclass=\"so-widget-image\"\/>\n\t<\/div>\n\n<\/div><\/div><\/div><div id=\"pgc-311-0-1\"  class=\"panel-grid-cell panel-grid-cell-empty\" ><\/div><div id=\"pgc-311-0-2\"  class=\"panel-grid-cell\" ><div id=\"panel-311-0-2-0\" class=\"so-panel widget widget_sow-editor panel-first-child panel-last-child\" data-index=\"2\" ><div\n\t\t\t\n\t\t\tclass=\"so-widget-sow-editor so-widget-sow-editor-base\"\n\t\t\t\n\t\t><h3 class=\"widget-title\">Pablo Gonz\u00e1lez Fern\u00e1ndez<\/h3>\n<div class=\"siteorigin-widget-tinymce textwidget\">\n\t<ul>\n<li>Licenciado en Odontolog\u00eda. Universidad Alfonso X El Sabio. Madrid.<\/li>\n<li>Diploma In Implant Dentistry. University of G\u00f6teborg. Suecia.<\/li>\n<li>Experto Universitario en Periodoncia. Madrid.<\/li>\n<li>Miembro de la SEPA (Sociedad Espa\u00f1ola de Periodoncia y Osteointegraci\u00f3n).<\/li>\n<li>N\u00ba Colegiado 28006690<\/li>\n<\/ul>\n<\/div>\n<\/div><\/div><\/div><\/div><div id=\"pg-311-1\"  class=\"panel-grid panel-no-style\" ><div id=\"pgc-311-1-0\"  class=\"panel-grid-cell\" ><div id=\"panel-311-1-0-0\" class=\"so-panel widget widget_text panel-first-child\" data-index=\"3\" >\t\t\t<div class=\"textwidget\"><p>&nbsp;<\/p>\n<p>&nbsp;<\/p>\n<\/div>\n\t\t<\/div><div id=\"panel-311-1-0-1\" class=\"so-panel widget widget_sow-image panel-last-child\" data-index=\"4\" ><div\n\t\t\t\n\t\t\tclass=\"so-widget-sow-image so-widget-sow-image-default-c67d20f9f743-311\"\n\t\t\t\n\t\t>\n<div class=\"sow-image-container\">\n\t\t<img \n\tsrc=\"https:\/\/clinicadentalpinar.com\/wp-content\/uploads\/2026\/02\/equipo-camarma-sara-gallo.jpg\" width=\"102\" height=\"137\" sizes=\"(max-width: 102px) 100vw, 102px\" alt=\"\" \t\tclass=\"so-widget-image\"\/>\n\t<\/div>\n\n<\/div><\/div><\/div><div id=\"pgc-311-1-1\"  class=\"panel-grid-cell panel-grid-cell-empty\" ><\/div><div id=\"pgc-311-1-2\"  class=\"panel-grid-cell\" ><div id=\"panel-311-1-2-0\" class=\"so-panel widget widget_sow-editor panel-first-child panel-last-child\" data-index=\"5\" ><div\n\t\t\t\n\t\t\tclass=\"so-widget-sow-editor so-widget-sow-editor-base\"\n\t\t\t\n\t\t><h3 class=\"widget-title\">Sara Rodr\u00edguez Gayo<\/h3>\n<div class=\"siteorigin-widget-tinymce textwidget\">\n\t<ul>\n<li>Licenciada en Odontologia. Universidad Complutense de Madrid.<\/li>\n<li>Experto Universitario en Odontolog\u00eda Conservadora y Endodoncia. Univ. de Sevilla.<\/li>\n<li>Diploma Universitario en Odontolog\u00eda Estetica. Universidad Complutense de Madrid.<\/li>\n<li>Miembro de AEDE (Asociaci\u00f3n Espa\u00f1ola de Endodoncia).<\/li>\n<li>N\u00ba Colegiado 28006576<\/li>\n<\/ul>\n<\/div>\n<\/div><\/div><\/div><\/div><div id=\"pg-311-2\"  class=\"panel-grid panel-no-style\" ><div id=\"pgc-311-2-0\"  class=\"panel-grid-cell\" ><div id=\"panel-311-2-0-0\" class=\"so-panel widget widget_text panel-first-child\" data-index=\"6\" >\t\t\t<div class=\"textwidget\"><p>&nbsp;<\/p>\n<p>&nbsp;<\/p>\n<\/div>\n\t\t<\/div><div id=\"panel-311-2-0-1\" class=\"so-panel widget widget_sow-image panel-last-child\" data-index=\"7\" ><div\n\t\t\t\n\t\t\tclass=\"so-widget-sow-image so-widget-sow-image-default-c67d20f9f743-311\"\n\t\t\t\n\t\t>\n<div class=\"sow-image-container\">\n\t\t<img \n\tsrc=\"https:\/\/clinicadentalpinar.com\/wp-content\/uploads\/2016\/03\/raquel.jpg\" width=\"102\" height=\"125\" sizes=\"(max-width: 102px) 100vw, 102px\" alt=\"\" \t\tclass=\"so-widget-image\"\/>\n\t<\/div>\n\n<\/div><\/div><\/div><div id=\"pgc-311-2-1\"  class=\"panel-grid-cell panel-grid-cell-empty\" ><\/div><div id=\"pgc-311-2-2\"  class=\"panel-grid-cell\" ><div id=\"panel-311-2-2-0\" class=\"so-panel widget widget_sow-editor panel-first-child panel-last-child\" data-index=\"8\" ><div\n\t\t\t\n\t\t\tclass=\"so-widget-sow-editor so-widget-sow-editor-base\"\n\t\t\t\n\t\t><h3 class=\"widget-title\">Raquel Asencio Alonso<\/h3>\n<div class=\"siteorigin-widget-tinymce textwidget\">\n\t<ul class=\"textomedio\">\n<li>Licenciada en Odontologia. Univ. de Granada. Postgrado por la Univ. de Nueva York.<\/li>\n<li>Ortodoncista exclusiva.<\/li>\n<li>Profesora de Ortodoncia de la Universidad Alfonso X El Sabio.<\/li>\n<li>Miembro de la Sociedad Americana de Ortodoncia.<\/li>\n<li>N\u00ba Colegiado 28005297<\/li>\n<\/ul>\n<\/div>\n<\/div><\/div><\/div><\/div><div id=\"pg-311-3\"  class=\"panel-grid panel-no-style\" ><div id=\"pgc-311-3-0\"  class=\"panel-grid-cell\" ><div id=\"panel-311-3-0-0\" class=\"so-panel widget widget_text panel-first-child\" data-index=\"9\" >\t\t\t<div class=\"textwidget\"><p>&nbsp;<\/p>\n<p>&nbsp;<\/p>\n<\/div>\n\t\t<\/div><div id=\"panel-311-3-0-1\" class=\"so-panel widget widget_sow-image panel-last-child\" data-index=\"10\" ><div\n\t\t\t\n\t\t\tclass=\"so-widget-sow-image so-widget-sow-image-default-c67d20f9f743-311\"\n\t\t\t\n\t\t>\n<div class=\"sow-image-container\">\n\t\t<img \n\tsrc=\"https:\/\/clinicadentalpinar.com\/wp-content\/uploads\/2016\/03\/nuria-tamayo.jpeg\" width=\"102\" height=\"125\" sizes=\"(max-width: 102px) 100vw, 102px\" alt=\"\" \t\tclass=\"so-widget-image\"\/>\n\t<\/div>\n\n<\/div><\/div><\/div><div id=\"pgc-311-3-1\"  class=\"panel-grid-cell panel-grid-cell-empty\" ><\/div><div id=\"pgc-311-3-2\"  class=\"panel-grid-cell\" ><div id=\"panel-311-3-2-0\" class=\"so-panel widget widget_sow-editor panel-first-child panel-last-child\" data-index=\"11\" ><div\n\t\t\t\n\t\t\tclass=\"so-widget-sow-editor so-widget-sow-editor-base\"\n\t\t\t\n\t\t><h3 class=\"widget-title\">Nuria Tamayo Estebaranz<\/h3>\n<div class=\"siteorigin-widget-tinymce textwidget\">\n\t<ul class=\"textomedio\">\n<li>Licenciada en Odontolog\u00eda por la Universidad Europea de Madrid (2001).<\/li>\n<li>Odontopediatr\u00eda.<\/li>\n<li>Master en Odontopediatr\u00eda. Hospital San Rafael.<\/li>\n<li>Postgrado en ortodoncia Fundaci\u00f3n Gnatos (2004).<\/li>\n<li>Colegiada n\u00famero 28006241, Colegio de Odont\u00f3logos y Estomat\u00f3logos de Madrid.<\/li>\n<\/ul>\n<\/div>\n<\/div><\/div><\/div><\/div><div id=\"pg-311-4\"  class=\"panel-grid panel-no-style\" ><div id=\"pgc-311-4-0\"  class=\"panel-grid-cell\" ><div id=\"panel-311-4-0-0\" class=\"so-panel widget widget_text panel-first-child\" data-index=\"12\" >\t\t\t<div class=\"textwidget\"><p>&nbsp;<\/p>\n<p>&nbsp;<\/p>\n<\/div>\n\t\t<\/div><div id=\"panel-311-4-0-1\" class=\"so-panel widget widget_sow-image panel-last-child\" data-index=\"13\" ><div\n\t\t\t\n\t\t\tclass=\"so-widget-sow-image so-widget-sow-image-default-c67d20f9f743-311\"\n\t\t\t\n\t\t>\n<div class=\"sow-image-container\">\n\t\t<img \n\tsrc=\"https:\/\/clinicadentalpinar.com\/wp-content\/uploads\/2016\/03\/laura.jpg\" width=\"102\" height=\"125\" sizes=\"(max-width: 102px) 100vw, 102px\" alt=\"\" \t\tclass=\"so-widget-image\"\/>\n\t<\/div>\n\n<\/div><\/div><\/div><div id=\"pgc-311-4-1\"  class=\"panel-grid-cell panel-grid-cell-empty\" ><\/div><div id=\"pgc-311-4-2\"  class=\"panel-grid-cell\" ><div id=\"panel-311-4-2-0\" class=\"so-panel widget widget_sow-editor panel-first-child panel-last-child\" data-index=\"14\" ><div\n\t\t\t\n\t\t\tclass=\"so-widget-sow-editor so-widget-sow-editor-base\"\n\t\t\t\n\t\t><h3 class=\"widget-title\">Laura Romero Poza<\/h3>\n<div class=\"siteorigin-widget-tinymce textwidget\">\n\t<ul class=\"textomedio\">\n<li>Higienista Dental.<\/li>\n<li>N\u00ba de colegiada 280881.<\/li>\n<\/ul>\n<\/div>\n<\/div><\/div><\/div><\/div><\/div>","protected":false},"excerpt":{"rendered":"<p>&nbsp; &nbsp; Licenciado en Odontolog\u00eda. Universidad Alfonso X El Sabio. Madrid.Diploma In Implant Dentistry. University of G\u00f6teborg. Suecia.Experto Universitario en Periodoncia. Madrid.Miembro de la SEPA (Sociedad Espa\u00f1ola de Periodoncia y Osteointegraci\u00f3n).N\u00ba Colegiado 28006690 &nbsp; &nbsp; Licenciada en Odontologia. Universidad Complutense de Madrid.Experto Universitario en Odontolog\u00eda Conservadora y Endodoncia. Univ. de Sevilla.Diploma Universitario en Odontolog\u00eda Estetica. [&hellip;]<\/p>\n","protected":false},"author":1,"featured_media":0,"parent":0,"menu_order":0,"comment_status":"closed","ping_status":"closed","template":"","meta":{"footnotes":""},"_links":{"self":[{"href":"https:\/\/clinicadentalpinar.com\/index.php?rest_route=\/wp\/v2\/pages\/311"}],"collection":[{"href":"https:\/\/clinicadentalpinar.com\/index.php?rest_route=\/wp\/v2\/pages"}],"about":[{"href":"https:\/\/clinicadentalpinar.com\/index.php?rest_route=\/wp\/v2\/types\/page"}],"author":[{"embeddable":true,"href":"https:\/\/clinicadentalpinar.com\/index.php?rest_route=\/wp\/v2\/users\/1"}],"replies":[{"embeddable":true,"href":"https:\/\/clinicadentalpinar.com\/index.php?rest_route=%2Fwp%2Fv2%2Fcomments&post=311"}],"version-history":[{"count":9,"href":"https:\/\/clinicadentalpinar.com\/index.php?rest_route=\/wp\/v2\/pages\/311\/revisions"}],"predecessor-version":[{"id":544,"href":"https:\/\/clinicadentalpinar.com\/index.php?rest_route=\/wp\/v2\/pages\/311\/revisions\/544"}],"wp:attachment":[{"href":"https:\/\/clinicadentalpinar.com\/index.php?rest_route=%2Fwp%2Fv2%2Fmedia&parent=311"}],"curies":[{"name":"wp","href":"https:\/\/api.w.org\/{rel}","templated":true}]}}