{"id":253,"date":"2016-03-13T19:58:54","date_gmt":"2016-03-13T19:58:54","guid":{"rendered":"http:\/\/clinicadentalpinar.com\/nueva\/?page_id=253"},"modified":"2016-03-13T20:24:46","modified_gmt":"2016-03-13T20:24:46","slug":"quienes-somos","status":"publish","type":"page","link":"https:\/\/clinicadentalpinar.com\/?page_id=253","title":{"rendered":"Quienes Somos"},"content":{"rendered":"<div id=\"pl-253\"  class=\"panel-layout\" ><div id=\"pg-253-0\"  class=\"panel-grid panel-no-style\" ><div id=\"pgc-253-0-0\"  class=\"panel-grid-cell\" ><div id=\"panel-253-0-0-0\" class=\"so-panel widget widget_sow-editor panel-first-child panel-last-child\" data-index=\"0\" ><div\n\t\t\t\n\t\t\tclass=\"so-widget-sow-editor so-widget-sow-editor-base\"\n\t\t\t\n\t\t>\n<div class=\"siteorigin-widget-tinymce textwidget\">\n\t<p>La <strong>Cl\u00ednica Dental Pinar <\/strong> se se encuentra situada en Hortaleza, en Madrid capital, en el madrile\u00f1o barrio del Pinar de Chamart\u00edn, al final de la calle Arturo Soria, muy cerca de los nuevos barrios de Sanchinarro y Las Tablas. En ella recibir\u00e1s una atenci\u00f3n personalizada y cercana.<\/p>\n<p>Nuestras instalaciones estan equipadas con la m\u00e1s moderna tecnolog\u00eda para realizar los tratamientos m\u00e1s especializados sin que tengas que desplazarte.<\/p>\n<p>Esta dirigida por los odont\u00f3logos Dr. Pablo Gonzalez y la Dra. Sara Rodriguez, especializados en diferentes campos de la odontolog\u00eda, para ofrecerles la mejor calidad asistencial y los tratamientos m\u00e1s novedosos.<\/p>\n<p>Nuestro objetivo es la salud de su boca. Ven a conocernos, la primera visita es gratuita....<\/p>\n<p>&nbsp;<\/p>\n<\/div>\n<\/div><\/div><\/div><div id=\"pgc-253-0-1\"  class=\"panel-grid-cell panel-grid-cell-empty\" ><\/div><div id=\"pgc-253-0-2\"  class=\"panel-grid-cell\" ><div id=\"panel-253-0-2-0\" class=\"so-panel widget widget_text panel-first-child\" data-index=\"1\" >\t\t\t<div class=\"textwidget\"><p>&nbsp;<\/p>\n<\/div>\n\t\t<\/div><div id=\"panel-253-0-2-1\" class=\"so-panel widget widget_sow-image panel-last-child\" data-index=\"2\" ><div\n\t\t\t\n\t\t\tclass=\"so-widget-sow-image so-widget-sow-image-default-c67d20f9f743-253\"\n\t\t\t\n\t\t>\n<div class=\"sow-image-container\">\n\t\t<img \n\tsrc=\"https:\/\/clinicadentalpinar.com\/wp-content\/uploads\/2016\/03\/dentistasmadrid3.jpg\" width=\"130\" height=\"195\" sizes=\"(max-width: 130px) 100vw, 130px\" alt=\"\" \t\tclass=\"so-widget-image\"\/>\n\t<\/div>\n\n<\/div><\/div><\/div><div id=\"pgc-253-0-3\"  class=\"panel-grid-cell\" ><div id=\"panel-253-0-3-0\" class=\"so-panel widget widget_text panel-first-child\" data-index=\"3\" >\t\t\t<div class=\"textwidget\"><p>&nbsp;<\/p>\n<\/div>\n\t\t<\/div><div id=\"panel-253-0-3-1\" class=\"so-panel widget widget_sow-image panel-last-child\" data-index=\"4\" ><div\n\t\t\t\n\t\t\tclass=\"so-widget-sow-image so-widget-sow-image-default-c67d20f9f743-253\"\n\t\t\t\n\t\t>\n<div class=\"sow-image-container\">\n\t\t<img \n\tsrc=\"https:\/\/clinicadentalpinar.com\/wp-content\/uploads\/2016\/03\/dentistasmadrid4.jpg\" width=\"130\" height=\"195\" sizes=\"(max-width: 130px) 100vw, 130px\" alt=\"\" \t\tclass=\"so-widget-image\"\/>\n\t<\/div>\n\n<\/div><\/div><\/div><\/div><div id=\"pg-253-1\"  class=\"panel-grid panel-no-style\" ><div id=\"pgc-253-1-0\"  class=\"panel-grid-cell\" ><div id=\"panel-253-1-0-0\" class=\"so-panel widget widget_sow-image panel-first-child panel-last-child\" data-index=\"5\" ><div\n\t\t\t\n\t\t\tclass=\"so-widget-sow-image so-widget-sow-image-default-c67d20f9f743-253\"\n\t\t\t\n\t\t>\n<div class=\"sow-image-container\">\n\t\t<img \n\tsrc=\"https:\/\/clinicadentalpinar.com\/wp-content\/uploads\/2016\/03\/cuadro_tecnologia.gif\" width=\"600\" height=\"120\" sizes=\"(max-width: 600px) 100vw, 600px\" alt=\"\" \t\tclass=\"so-widget-image\"\/>\n\t<\/div>\n\n<\/div><\/div><\/div><\/div><\/div>","protected":false},"excerpt":{"rendered":"<p>La Cl\u00ednica Dental Pinar se se encuentra situada en Hortaleza, en Madrid capital, en el madrile\u00f1o barrio del Pinar de Chamart\u00edn, al final de la calle Arturo Soria, muy cerca de los nuevos barrios de Sanchinarro y Las Tablas. En ella recibir\u00e1s una atenci\u00f3n personalizada y cercana. Nuestras instalaciones estan equipadas con la m\u00e1s moderna [&hellip;]<\/p>\n","protected":false},"author":1,"featured_media":0,"parent":0,"menu_order":0,"comment_status":"closed","ping_status":"closed","template":"","meta":{"footnotes":""},"_links":{"self":[{"href":"https:\/\/clinicadentalpinar.com\/index.php?rest_route=\/wp\/v2\/pages\/253"}],"collection":[{"href":"https:\/\/clinicadentalpinar.com\/index.php?rest_route=\/wp\/v2\/pages"}],"about":[{"href":"https:\/\/clinicadentalpinar.com\/index.php?rest_route=\/wp\/v2\/types\/page"}],"author":[{"embeddable":true,"href":"https:\/\/clinicadentalpinar.com\/index.php?rest_route=\/wp\/v2\/users\/1"}],"replies":[{"embeddable":true,"href":"https:\/\/clinicadentalpinar.com\/index.php?rest_route=%2Fwp%2Fv2%2Fcomments&post=253"}],"version-history":[{"count":3,"href":"https:\/\/clinicadentalpinar.com\/index.php?rest_route=\/wp\/v2\/pages\/253\/revisions"}],"predecessor-version":[{"id":279,"href":"https:\/\/clinicadentalpinar.com\/index.php?rest_route=\/wp\/v2\/pages\/253\/revisions\/279"}],"wp:attachment":[{"href":"https:\/\/clinicadentalpinar.com\/index.php?rest_route=%2Fwp%2Fv2%2Fmedia&parent=253"}],"curies":[{"name":"wp","href":"https:\/\/api.w.org\/{rel}","templated":true}]}}