{"id":219,"date":"2015-10-07T21:12:01","date_gmt":"2015-10-07T21:12:01","guid":{"rendered":"http:\/\/demo.shufflehound.com\/maskitto-light-blue\/?page_id=219"},"modified":"2026-02-20T07:00:30","modified_gmt":"2026-02-20T07:00:30","slug":"contactar-clinica-dental-pinar","status":"publish","type":"page","link":"https:\/\/clinicadentalpinar.com\/?page_id=219","title":{"rendered":"Contactos"},"content":{"rendered":"<div id=\"pl-219\"  class=\"panel-layout\" ><div id=\"pg-219-0\"  class=\"panel-grid panel-no-style\" ><div id=\"pgc-219-0-0\"  class=\"panel-grid-cell\" ><div id=\"panel-219-0-0-0\" class=\"so-panel widget widget_maskitto_include_other_page panel-first-child\" data-index=\"0\" >\t        <div id=\"page-id-102\" class=\"page-template-contact page-section\" style=\"\">\n\t            <div class=\"container page-list\">\n\n\n\t                \n\t                    \t                        <div class=\"page-node section-title text-center\">\n\t                            <h3 style=\"\">\n\t                                Contactar\t                                \t                            <\/h3>\n\n\t                            \t                                <div class=\"subtitle\">\n\t                                    <p>Situaci\u00f3n y contacto de la cl\u00ednica dental Pinar<\/p>\n\t                                <\/div>\n\t                            \n\t                            \t                                <div class=\"section-title-line\"><\/div>\n\t                            \t                        <\/div>\n\t                    \n\t                    \n\t                \n\n\t                \t                    <div class=\"page-node contact-section\">\n\t                        <div>\n\t                        \t<div class=\"post-inner\"><table style=\"text-align: left; width: 90%; display: block; float: left;\">\n<tbody>\n<tr>\n<td style=\"text-align: left; width: 60%;\"><strong>Horario<\/strong><br \/>\nSi desea contactar con la clin\u00edca dental pinar les recordamos que nuestro horario es de lunes a jueves de 10 a 13.30 y de 16 a 20. Viernes de 10,30 a 13.30.<br \/><strong>Coordenadas:<\/strong><br \/>Latitud. 40.4778693 (-40\u00b0 28&#8242; 40.3278&#8243;) &#8211; Longitud.  -3.6672617 (-3\u00b0 40&#8242; 2.1426&#8243;) <\/td>\n<td style=\"text-align: left; width: 40%;\"><strong>Informaci\u00f3n<\/strong><br \/>\nTel\u00e9fono &#8211; 91 383 80 80<br \/>E-mail: info@clinicadentalpinar.com<br \/>\nC\/ Jazm\u00edn, 26 &#8211; Local, 28033 Madrid\n<\/td>\n<\/tr>\n<\/tbody>\n<\/table>\n<\/div>\n\t                        <\/div>\n\t                        \t                            <div class=\"contact-social-icons\">  \n\t                                \n\t\t\n\t\t\n\t\t\n\t\t\n\t\t\n\t\t\n\t\t\n\t\t\n\t\t\n\t\t\n\t\t\n\t\t\n\t\t\n\t\t\n\t\t\n\n    \t                            <\/div>\n\t                        \t                    <\/div>\n\t                            \n\n\n\t                \t                \n\n\t\t\t\t\t\t\t                \t                \t            <\/div>\n\t        <\/div>\n\n\n\t        \n\n\t\t<\/div><div id=\"panel-219-0-0-1\" class=\"widget_text so-panel widget widget_custom_html panel-last-child\" data-index=\"1\" ><div class=\"textwidget custom-html-widget\"><iframe src=\"https:\/\/www.google.com\/maps\/embed?pb=!1m18!1m12!1m3!1d3034.869768181895!2d-3.6696595749009826!3d40.478146051900545!2m3!1f0!2f0!3f0!3m2!1i1024!2i768!4f13.1!3m3!1m2!1s0xd42294bd40b84c9%3A0x6e92a6a1b719e387!2sCl%C3%ADnica%20Dental%20Pinar!5e0!3m2!1ses!2ses!4v1771570743778!5m2!1ses!2ses\" width=\"100%\" height=\"450\" style=\"border:0;\" allowfullscreen=\"\" loading=\"lazy\" referrerpolicy=\"no-referrer-when-downgrade\"><\/iframe><\/div><\/div><\/div><\/div><\/div>","protected":false},"excerpt":{"rendered":"<p>Contactar Situaci\u00f3n y contacto de la cl\u00ednica dental Pinar Horario Si desea contactar con la clin\u00edca dental pinar les recordamos que nuestro horario es de lunes a jueves de 10 a 13.30 y de 16 a 20. Viernes de 10,30 a 13.30.Coordenadas:Latitud. 40.4778693 (-40\u00b0 28&#8242; 40.3278&#8243;) &#8211; Longitud. -3.6672617 (-3\u00b0 40&#8242; 2.1426&#8243;) Informaci\u00f3n Tel\u00e9fono &#8211; [&hellip;]<\/p>\n","protected":false},"author":1,"featured_media":0,"parent":0,"menu_order":0,"comment_status":"closed","ping_status":"closed","template":"template-home.php","meta":{"footnotes":""},"_links":{"self":[{"href":"https:\/\/clinicadentalpinar.com\/index.php?rest_route=\/wp\/v2\/pages\/219"}],"collection":[{"href":"https:\/\/clinicadentalpinar.com\/index.php?rest_route=\/wp\/v2\/pages"}],"about":[{"href":"https:\/\/clinicadentalpinar.com\/index.php?rest_route=\/wp\/v2\/types\/page"}],"author":[{"embeddable":true,"href":"https:\/\/clinicadentalpinar.com\/index.php?rest_route=\/wp\/v2\/users\/1"}],"replies":[{"embeddable":true,"href":"https:\/\/clinicadentalpinar.com\/index.php?rest_route=%2Fwp%2Fv2%2Fcomments&post=219"}],"version-history":[{"count":4,"href":"https:\/\/clinicadentalpinar.com\/index.php?rest_route=\/wp\/v2\/pages\/219\/revisions"}],"predecessor-version":[{"id":538,"href":"https:\/\/clinicadentalpinar.com\/index.php?rest_route=\/wp\/v2\/pages\/219\/revisions\/538"}],"wp:attachment":[{"href":"https:\/\/clinicadentalpinar.com\/index.php?rest_route=%2Fwp%2Fv2%2Fmedia&parent=219"}],"curies":[{"name":"wp","href":"https:\/\/api.w.org\/{rel}","templated":true}]}}